{"id":5016,"date":"2025-03-23T21:39:50","date_gmt":"2025-03-23T20:39:50","guid":{"rendered":"https:\/\/di31.gobelins-pedago.fr\/2027\/natrella\/portfolio\/?page_id=5016"},"modified":"2025-03-27T09:52:14","modified_gmt":"2025-03-27T08:52:14","slug":"about-fr","status":"publish","type":"page","link":"https:\/\/di31.gobelins-pedago.fr\/2027\/natrella\/portfolio\/about-fr\/","title":{"rendered":"FR Main About"},"content":{"rendered":"\t\t<div data-elementor-type=\"wp-page\" data-elementor-id=\"5016\" class=\"elementor elementor-5016\">\n\t\t\t\t<div class=\"elementor-element elementor-element-6f375ba1 she-header-yes she-header-transparent-yes animated-slow header e-flex e-con-boxed elementor-invisible e-con e-parent\" data-id=\"6f375ba1\" data-element_type=\"container\" data-e-type=\"container\" id=\"header\" data-settings=\"{&quot;background_background&quot;:&quot;classic&quot;,&quot;transparent&quot;:&quot;yes&quot;,&quot;scroll_distance&quot;:{&quot;unit&quot;:&quot;px&quot;,&quot;size&quot;:0,&quot;sizes&quot;:[]},&quot;transparent_header_show&quot;:&quot;yes&quot;,&quot;animation&quot;:&quot;slideInRight&quot;,&quot;transparent_on&quot;:[&quot;desktop&quot;,&quot;tablet&quot;],&quot;scroll_distance_tablet&quot;:{&quot;unit&quot;:&quot;px&quot;,&quot;size&quot;:&quot;&quot;,&quot;sizes&quot;:[]},&quot;scroll_distance_mobile&quot;:{&quot;unit&quot;:&quot;px&quot;,&quot;size&quot;:&quot;&quot;,&quot;sizes&quot;:[]},&quot;she_offset_top&quot;:{&quot;unit&quot;:&quot;px&quot;,&quot;size&quot;:0,&quot;sizes&quot;:[]},&quot;she_offset_top_tablet&quot;:{&quot;unit&quot;:&quot;px&quot;,&quot;size&quot;:&quot;&quot;,&quot;sizes&quot;:[]},&quot;she_offset_top_mobile&quot;:{&quot;unit&quot;:&quot;px&quot;,&quot;size&quot;:&quot;&quot;,&quot;sizes&quot;:[]},&quot;she_width&quot;:{&quot;unit&quot;:&quot;%&quot;,&quot;size&quot;:100,&quot;sizes&quot;:[]},&quot;she_width_tablet&quot;:{&quot;unit&quot;:&quot;px&quot;,&quot;size&quot;:&quot;&quot;,&quot;sizes&quot;:[]},&quot;she_width_mobile&quot;:{&quot;unit&quot;:&quot;px&quot;,&quot;size&quot;:&quot;&quot;,&quot;sizes&quot;:[]},&quot;she_padding&quot;:{&quot;unit&quot;:&quot;px&quot;,&quot;top&quot;:0,&quot;right&quot;:&quot;&quot;,&quot;bottom&quot;:0,&quot;left&quot;:&quot;&quot;,&quot;isLinked&quot;:true},&quot;she_padding_tablet&quot;:{&quot;unit&quot;:&quot;px&quot;,&quot;top&quot;:&quot;&quot;,&quot;right&quot;:&quot;&quot;,&quot;bottom&quot;:&quot;&quot;,&quot;left&quot;:&quot;&quot;,&quot;isLinked&quot;:true},&quot;she_padding_mobile&quot;:{&quot;unit&quot;:&quot;px&quot;,&quot;top&quot;:&quot;&quot;,&quot;right&quot;:&quot;&quot;,&quot;bottom&quot;:&quot;&quot;,&quot;left&quot;:&quot;&quot;,&quot;isLinked&quot;:true}}\">\n\t\t\t\t\t<div class=\"e-con-inner\">\n\t\t\t\t<div class=\"elementor-element elementor-element-e428a68 elementor-mobile-align-center elementor-widget elementor-widget-button\" data-id=\"e428a68\" data-element_type=\"widget\" data-e-type=\"widget\" data-widget_type=\"button.default\">\n\t\t\t\t<div class=\"elementor-widget-container\">\n\t\t\t\t\t\t\t\t\t<div class=\"elementor-button-wrapper\">\n\t\t\t\t\t<a class=\"elementor-button elementor-button-link elementor-size-sm\" href=\"https:\/\/drive.google.com\/file\/d\/118A21QsrICsKosWE4uX0ObZ9C8PT9Yu2\/view?usp=sharing\" target=\"_blank\">\n\t\t\t\t\t\t<span class=\"elementor-button-content-wrapper\">\n\t\t\t\t\t\t<span class=\"elementor-button-icon\">\n\t\t\t\t<svg aria-hidden=\"true\" class=\"e-font-icon-svg e-fas-external-link-alt\" viewBox=\"0 0 512 512\" xmlns=\"http:\/\/www.w3.org\/2000\/svg\"><path d=\"M432,320H400a16,16,0,0,0-16,16V448H64V128H208a16,16,0,0,0,16-16V80a16,16,0,0,0-16-16H48A48,48,0,0,0,0,112V464a48,48,0,0,0,48,48H400a48,48,0,0,0,48-48V336A16,16,0,0,0,432,320ZM488,0h-128c-21.37,0-32.05,25.91-17,41l35.73,35.73L135,320.37a24,24,0,0,0,0,34L157.67,377a24,24,0,0,0,34,0L435.28,133.32,471,169c15,15,41,4.5,41-17V24A24,24,0,0,0,488,0Z\"><\/path><\/svg>\t\t\t<\/span>\n\t\t\t\t\t\t\t\t\t<span class=\"elementor-button-text\">CV<\/span>\n\t\t\t\t\t<\/span>\n\t\t\t\t\t<\/a>\n\t\t\t\t<\/div>\n\t\t\t\t\t\t\t\t<\/div>\n\t\t\t\t<\/div>\n\t\t\t\t<div class=\"elementor-element elementor-element-1e956218 elementor-widget elementor-widget-button\" data-id=\"1e956218\" data-element_type=\"widget\" data-e-type=\"widget\" data-widget_type=\"button.default\">\n\t\t\t\t<div class=\"elementor-widget-container\">\n\t\t\t\t\t\t\t\t\t<div class=\"elementor-button-wrapper\">\n\t\t\t\t\t<a class=\"elementor-button elementor-button-link elementor-size-sm\" href=\"https:\/\/di31.gobelins-pedago.fr\/2027\/natrella\/portfolio\/about-fr\">\n\t\t\t\t\t\t<span class=\"elementor-button-content-wrapper\">\n\t\t\t\t\t\t\t\t\t<span class=\"elementor-button-text\">\u00c0 PROPOS<\/span>\n\t\t\t\t\t<\/span>\n\t\t\t\t\t<\/a>\n\t\t\t\t<\/div>\n\t\t\t\t\t\t\t\t<\/div>\n\t\t\t\t<\/div>\n\t\t\t\t<div class=\"elementor-element elementor-element-7175fd6c elementor-widget elementor-widget-button\" data-id=\"7175fd6c\" data-element_type=\"widget\" data-e-type=\"widget\" data-widget_type=\"button.default\">\n\t\t\t\t<div class=\"elementor-widget-container\">\n\t\t\t\t\t\t\t\t\t<div class=\"elementor-button-wrapper\">\n\t\t\t\t\t<a class=\"elementor-button elementor-button-link elementor-size-sm\" href=\"https:\/\/di31.gobelins-pedago.fr\/2027\/natrella\/portfolio\/projects-fr\">\n\t\t\t\t\t\t<span class=\"elementor-button-content-wrapper\">\n\t\t\t\t\t\t\t\t\t<span class=\"elementor-button-text\">PROJETS<\/span>\n\t\t\t\t\t<\/span>\n\t\t\t\t\t<\/a>\n\t\t\t\t<\/div>\n\t\t\t\t\t\t\t\t<\/div>\n\t\t\t\t<\/div>\n\t\t\t\t<div class=\"elementor-element elementor-element-4f8491eb homebutton elementor-widget elementor-widget-button\" data-id=\"4f8491eb\" data-element_type=\"widget\" data-e-type=\"widget\" id=\"homebutton\" data-widget_type=\"button.default\">\n\t\t\t\t<div class=\"elementor-widget-container\">\n\t\t\t\t\t\t\t\t\t<div class=\"elementor-button-wrapper\">\n\t\t\t\t\t<a class=\"elementor-button elementor-button-link elementor-size-sm\" href=\"https:\/\/di31.gobelins-pedago.fr\/2027\/natrella\/portfolio\/home-fr\">\n\t\t\t\t\t\t<span class=\"elementor-button-content-wrapper\">\n\t\t\t\t\t\t\t\t\t<span class=\"elementor-button-text\">ACCUEIL<\/span>\n\t\t\t\t\t<\/span>\n\t\t\t\t\t<\/a>\n\t\t\t\t<\/div>\n\t\t\t\t\t\t\t\t<\/div>\n\t\t\t\t<\/div>\n\t\t\t\t\t<\/div>\n\t\t\t\t<\/div>\n\t\t<div class=\"elementor-element elementor-element-187a2e10 e-flex e-con-boxed e-con e-parent\" data-id=\"187a2e10\" data-element_type=\"container\" data-e-type=\"container\" data-settings=\"{&quot;background_background&quot;:&quot;classic&quot;}\">\n\t\t\t\t\t<div class=\"e-con-inner\">\n\t\t<div class=\"elementor-element elementor-element-369b5e3c e-con-full animated-slow e-flex elementor-invisible e-con e-child\" data-id=\"369b5e3c\" data-element_type=\"container\" data-e-type=\"container\" data-settings=\"{&quot;animation&quot;:&quot;fadeIn&quot;,&quot;animation_delay&quot;:700}\">\n\t\t\t\t<div class=\"elementor-element elementor-element-1e9a6379 elementor-absolute elementor-widget elementor-widget-image\" data-id=\"1e9a6379\" data-element_type=\"widget\" data-e-type=\"widget\" data-settings=\"{&quot;_position&quot;:&quot;absolute&quot;}\" data-widget_type=\"image.default\">\n\t\t\t\t<div class=\"elementor-widget-container\">\n\t\t\t\t\t\t\t\t\t\t\t\t\t\t\t<img fetchpriority=\"high\" decoding=\"async\" width=\"1610\" height=\"1610\" src=\"https:\/\/di31.gobelins-pedago.fr\/2027\/natrella\/portfolio\/wp-content\/uploads\/2025\/03\/websitedegrade3.png\" class=\"attachment-full size-full wp-image-2711\" alt=\"\" srcset=\"https:\/\/di31.gobelins-pedago.fr\/2027\/natrella\/portfolio\/wp-content\/uploads\/2025\/03\/websitedegrade3.png 1610w, https:\/\/di31.gobelins-pedago.fr\/2027\/natrella\/portfolio\/wp-content\/uploads\/2025\/03\/websitedegrade3-300x300.png 300w, https:\/\/di31.gobelins-pedago.fr\/2027\/natrella\/portfolio\/wp-content\/uploads\/2025\/03\/websitedegrade3-1024x1024.png 1024w, https:\/\/di31.gobelins-pedago.fr\/2027\/natrella\/portfolio\/wp-content\/uploads\/2025\/03\/websitedegrade3-150x150.png 150w, https:\/\/di31.gobelins-pedago.fr\/2027\/natrella\/portfolio\/wp-content\/uploads\/2025\/03\/websitedegrade3-768x768.png 768w, https:\/\/di31.gobelins-pedago.fr\/2027\/natrella\/portfolio\/wp-content\/uploads\/2025\/03\/websitedegrade3-1536x1536.png 1536w\" sizes=\"(max-width: 1610px) 100vw, 1610px\" \/>\t\t\t\t\t\t\t\t\t\t\t\t\t\t\t<\/div>\n\t\t\t\t<\/div>\n\t\t\t\t<div class=\"elementor-element elementor-element-68a942b elementor-widget elementor-widget-button\" data-id=\"68a942b\" data-element_type=\"widget\" data-e-type=\"widget\" data-widget_type=\"button.default\">\n\t\t\t\t<div class=\"elementor-widget-container\">\n\t\t\t\t\t\t\t\t\t<div class=\"elementor-button-wrapper\">\n\t\t\t\t\t<a class=\"elementor-button elementor-button-link elementor-size-sm\" href=\"https:\/\/di31.gobelins-pedago.fr\/2027\/natrella\/portfolio\/about-fr\">\n\t\t\t\t\t\t<span class=\"elementor-button-content-wrapper\">\n\t\t\t\t\t\t\t\t\t<span class=\"elementor-button-text\">FRAN\u00c7AIS<\/span>\n\t\t\t\t\t<\/span>\n\t\t\t\t\t<\/a>\n\t\t\t\t<\/div>\n\t\t\t\t\t\t\t\t<\/div>\n\t\t\t\t<\/div>\n\t\t\t\t<div class=\"elementor-element elementor-element-58cfaad7 elementor-widget elementor-widget-button\" data-id=\"58cfaad7\" data-element_type=\"widget\" data-e-type=\"widget\" data-widget_type=\"button.default\">\n\t\t\t\t<div class=\"elementor-widget-container\">\n\t\t\t\t\t\t\t\t\t<div class=\"elementor-button-wrapper\">\n\t\t\t\t\t<a class=\"elementor-button elementor-button-link elementor-size-sm\" href=\"https:\/\/di31.gobelins-pedago.fr\/2027\/natrella\/portfolio\/about-en\">\n\t\t\t\t\t\t<span class=\"elementor-button-content-wrapper\">\n\t\t\t\t\t\t\t\t\t<span class=\"elementor-button-text\">ENGLISH<\/span>\n\t\t\t\t\t<\/span>\n\t\t\t\t\t<\/a>\n\t\t\t\t<\/div>\n\t\t\t\t\t\t\t\t<\/div>\n\t\t\t\t<\/div>\n\t\t\t\t<\/div>\n\t\t<div class=\"elementor-element elementor-element-6232f834 e-con-full e-flex e-con e-child\" data-id=\"6232f834\" data-element_type=\"container\" data-e-type=\"container\">\n\t\t\t\t<div class=\"elementor-element elementor-element-18eead9e elementor-invisible elementor-widget elementor-widget-image\" data-id=\"18eead9e\" data-element_type=\"widget\" data-e-type=\"widget\" data-settings=\"{&quot;_animation&quot;:&quot;fadeInUp&quot;}\" data-widget_type=\"image.default\">\n\t\t\t\t<div class=\"elementor-widget-container\">\n\t\t\t\t\t\t\t\t\t\t\t\t\t\t\t<img decoding=\"async\" width=\"8000\" height=\"1941\" src=\"https:\/\/di31.gobelins-pedago.fr\/2027\/natrella\/portfolio\/wp-content\/uploads\/2025\/03\/apropos.png\" class=\"attachment-full size-full wp-image-5034\" alt=\"\" srcset=\"https:\/\/di31.gobelins-pedago.fr\/2027\/natrella\/portfolio\/wp-content\/uploads\/2025\/03\/apropos.png 8000w, https:\/\/di31.gobelins-pedago.fr\/2027\/natrella\/portfolio\/wp-content\/uploads\/2025\/03\/apropos-300x73.png 300w, https:\/\/di31.gobelins-pedago.fr\/2027\/natrella\/portfolio\/wp-content\/uploads\/2025\/03\/apropos-1024x248.png 1024w, https:\/\/di31.gobelins-pedago.fr\/2027\/natrella\/portfolio\/wp-content\/uploads\/2025\/03\/apropos-768x186.png 768w, https:\/\/di31.gobelins-pedago.fr\/2027\/natrella\/portfolio\/wp-content\/uploads\/2025\/03\/apropos-1536x373.png 1536w, https:\/\/di31.gobelins-pedago.fr\/2027\/natrella\/portfolio\/wp-content\/uploads\/2025\/03\/apropos-2048x497.png 2048w\" sizes=\"(max-width: 8000px) 100vw, 8000px\" \/>\t\t\t\t\t\t\t\t\t\t\t\t\t\t\t<\/div>\n\t\t\t\t<\/div>\n\t\t\t\t<\/div>\n\t\t<div class=\"elementor-element elementor-element-6f4ba53e e-con-full animated-slow e-transform e-flex e-con e-child\" data-id=\"6f4ba53e\" data-element_type=\"container\" data-e-type=\"container\" data-settings=\"{&quot;animation&quot;:&quot;none&quot;,&quot;_transform_scale_effect&quot;:{&quot;unit&quot;:&quot;px&quot;,&quot;size&quot;:1.02,&quot;sizes&quot;:[]},&quot;_transform_scale_effect_tablet&quot;:{&quot;unit&quot;:&quot;px&quot;,&quot;size&quot;:1.03,&quot;sizes&quot;:[]},&quot;_transform_scale_effect_mobile&quot;:{&quot;unit&quot;:&quot;px&quot;,&quot;size&quot;:1.06,&quot;sizes&quot;:[]}}\">\n\t\t\t\t<div class=\"elementor-element elementor-element-32f3c673 animated-slow elementor-invisible elementor-widget elementor-widget-heading\" data-id=\"32f3c673\" data-element_type=\"widget\" data-e-type=\"widget\" data-settings=\"{&quot;_animation&quot;:&quot;fadeIn&quot;}\" data-widget_type=\"heading.default\">\n\t\t\t\t<div class=\"elementor-widget-container\">\n\t\t\t\t\t<h2 class=\"elementor-heading-title elementor-size-default\">Envie d'en savoir plus ?<\/h2>\t\t\t\t<\/div>\n\t\t\t\t<\/div>\n\t\t<div class=\"elementor-element elementor-element-43b5aab9 e-con-full e-flex e-con e-child\" data-id=\"43b5aab9\" data-element_type=\"container\" data-e-type=\"container\">\n\t\t\t\t<div class=\"elementor-element elementor-element-6818b83 elementor-invisible elementor-widget elementor-widget-elementskit-faq\" data-id=\"6818b83\" data-element_type=\"widget\" data-e-type=\"widget\" data-settings=\"{&quot;_animation&quot;:&quot;fadeInUp&quot;}\" data-widget_type=\"elementskit-faq.default\">\n\t\t\t\t<div class=\"elementor-widget-container\">\n\t\t\t\t\t<div class=\"ekit-wid-con\" >\n                <div class=\"elementskit-single-faq elementor-repeater-item-d71681a\">\n            <div class=\"elementskit-faq-header\">\n                <h2 class=\"elementskit-faq-title\">Que fais-tu en ce moment ?<\/h2>\n            <\/div>\n            <div class=\"elementskit-faq-body\">\n                Je suis actuellement en premi\u00e8re ann\u00e9e d\u2019\u00e9tudes de Design \u00e0 Gobelins, Paris, o\u00f9 je perfectionne mes comp\u00e9tences et approfondis ma compr\u00e9hension des principes du design, de la recherche utilisateur et du design interactif.            <\/div>\n        <\/div>\n                <div class=\"elementskit-single-faq elementor-repeater-item-1cde92d\">\n            <div class=\"elementskit-faq-header\">\n                <h2 class=\"elementskit-faq-title\">Quel est ton parcours ? Tes exp\u00e9riences ?<\/h2>\n            <\/div>\n            <div class=\"elementskit-faq-body\">\n                Je suis passionn\u00e9 par le design depuis presque 8 ans maintenant, et tout ce que j\u2019ai appris a \u00e9t\u00e9 autodidacte jusqu\u2019\u00e0 cette ann\u00e9e. Mon parcours a commenc\u00e9 au coll\u00e8ge, lorsque j\u2019\u00e9tais tellement fascin\u00e9 par le design que j\u2019ai r\u00e9ussi \u00e0 faire int\u00e9grer l\u2019une de mes cr\u00e9ations dans Team Fortress 2, le c\u00e9l\u00e8bre jeu de Valve. Cette premi\u00e8re exp\u00e9rience a \u00e9veill\u00e9 mon amour pour le design num\u00e9rique, et au fil des ann\u00e9es, j\u2019ai continu\u00e9 \u00e0 d\u00e9velopper mes comp\u00e9tences dans diff\u00e9rents domaines. Aujourd'hui, je formalise mes connaissances \u00e0 travers mes \u00e9tudes \u00e0 Gobelins, Paris, tout en affinant constamment mon expertise dans ce domaine.            <\/div>\n        <\/div>\n                <div class=\"elementskit-single-faq elementor-repeater-item-8cf3508\">\n            <div class=\"elementskit-faq-header\">\n                <h2 class=\"elementskit-faq-title\">Tu veux collaborer ? Parlons de ton projet !<\/h2>\n            <\/div>\n            <div class=\"elementskit-faq-body\">\n                Tu peux me contacter par email \u00e0 lucasnatrella@gmail.com ou me joindre sur mes plateformes de r\u00e9seaux sociaux. Je serai ravi de discuter de ton projet !            <\/div>\n        <\/div>\n                \n    <\/div>\t\t\t\t<\/div>\n\t\t\t\t<\/div>\n\t\t<div class=\"elementor-element elementor-element-2061046c e-con-full e-flex e-con e-child\" data-id=\"2061046c\" data-element_type=\"container\" data-e-type=\"container\">\n\t\t\t\t<div class=\"elementor-element elementor-element-74d20357 elementor-widget elementor-widget-elementskit-social-media\" data-id=\"74d20357\" data-element_type=\"widget\" data-e-type=\"widget\" data-widget_type=\"elementskit-social-media.default\">\n\t\t\t\t<div class=\"elementor-widget-container\">\n\t\t\t\t\t<div class=\"ekit-wid-con\" >\t\t\t <ul class=\"ekit_social_media\">\n\t\t\t\t\t\t\t\t\t\t\t\t\t\t<li class=\"elementor-repeater-item-bf2bee4\">\n\t\t\t\t\t    <a\n\t\t\t\t\t\thref=\"https:\/\/www.instagram.com\/natrelladesign\/\" target=\"_blank\" aria-label=\"Instagram\" class=\"1\" >\n\t\t\t\t\t\t\t\n\t\t\t\t\t\t\t<i aria-hidden=\"true\" class=\"icon icon-instagram-1\"><\/i>\n                                                                                                            <\/a>\n                    <\/li>\n                    \t\t\t\t\t\t\t\t\t\t\t\t\t\t<li class=\"elementor-repeater-item-5bb74b5\">\n\t\t\t\t\t    <a\n\t\t\t\t\t\thref=\"https:\/\/x.com\/NatrellaDesign\" target=\"_blank\" aria-label=\"X\" class=\"twitter\" >\n\t\t\t\t\t\t\t\n\t\t\t\t\t\t\t<svg aria-hidden=\"true\" class=\"e-font-icon-svg e-fab-x-twitter\" viewBox=\"0 0 512 512\" xmlns=\"http:\/\/www.w3.org\/2000\/svg\"><path d=\"M389.2 48h70.6L305.6 224.2 487 464H345L233.7 318.6 106.5 464H35.8L200.7 275.5 26.8 48H172.4L272.9 180.9 389.2 48zM364.4 421.8h39.1L151.1 88h-42L364.4 421.8z\"><\/path><\/svg>\n                                                                                                            <\/a>\n                    <\/li>\n                    \t\t\t\t\t\t\t\t\t\t\t\t\t\t<li class=\"elementor-repeater-item-d8c9227\">\n\t\t\t\t\t    <a\n\t\t\t\t\t\thref=\"https:\/\/www.linkedin.com\/in\/lucas-natrella\/\" target=\"_blank\" aria-label=\"LinkedIn\" class=\"linkedin\" >\n\t\t\t\t\t\t\t\n\t\t\t\t\t\t\t<i aria-hidden=\"true\" class=\"icon icon-linkedin\"><\/i>\n                                                                                                            <\/a>\n                    <\/li>\n                    \t\t\t\t\t\t\t<\/ul>\n\t\t<\/div>\t\t\t\t<\/div>\n\t\t\t\t<\/div>\n\t\t\t\t<\/div>\n\t\t\t\t<\/div>\n\t\t\t\t<\/div>\n\t\t\t\t\t<\/div>\n\t\t\t\t<\/div>\n\t\t\t\t<\/div>\n\t\t","protected":false},"excerpt":{"rendered":"<p>CV \u00c0 PROPOS PROJETS ACCUEIL FRAN\u00c7AIS ENGLISH Envie d&rsquo;en savoir plus ? Que fais-tu en ce moment ? Je suis [&hellip;]<\/p>\n","protected":false},"author":1,"featured_media":0,"parent":0,"menu_order":0,"comment_status":"closed","ping_status":"closed","template":"","meta":{"site-sidebar-layout":"no-sidebar","site-content-layout":"","ast-site-content-layout":"full-width-container","site-content-style":"default","site-sidebar-style":"default","ast-global-header-display":"","ast-banner-title-visibility":"disabled","ast-main-header-display":"disabled","ast-hfb-above-header-display":"","ast-hfb-below-header-display":"","ast-hfb-mobile-header-display":"disabled","site-post-title":"disabled","ast-breadcrumbs-content":"disabled","ast-featured-img":"disabled","footer-sml-layout":"disabled","ast-disable-related-posts":"","theme-transparent-header-meta":"default","adv-header-id-meta":"","stick-header-meta":"","header-above-stick-meta":"","header-main-stick-meta":"","header-below-stick-meta":"","astra-migrate-meta-layouts":"set","ast-page-background-enabled":"default","ast-page-background-meta":{"desktop":{"background-color":"var(--ast-global-color-4)","background-image":"","background-repeat":"repeat","background-position":"center center","background-size":"auto","background-attachment":"scroll","background-type":"","background-media":"","overlay-type":"","overlay-color":"","overlay-opacity":"","overlay-gradient":""},"tablet":{"background-color":"","background-image":"","background-repeat":"repeat","background-position":"center center","background-size":"auto","background-attachment":"scroll","background-type":"","background-media":"","overlay-type":"","overlay-color":"","overlay-opacity":"","overlay-gradient":""},"mobile":{"background-color":"","background-image":"","background-repeat":"repeat","background-position":"center center","background-size":"auto","background-attachment":"scroll","background-type":"","background-media":"","overlay-type":"","overlay-color":"","overlay-opacity":"","overlay-gradient":""}},"ast-content-background-meta":{"desktop":{"background-color":"var(--ast-global-color-5)","background-image":"","background-repeat":"repeat","background-position":"center center","background-size":"auto","background-attachment":"scroll","background-type":"","background-media":"","overlay-type":"","overlay-color":"","overlay-opacity":"","overlay-gradient":""},"tablet":{"background-color":"var(--ast-global-color-5)","background-image":"","background-repeat":"repeat","background-position":"center center","background-size":"auto","background-attachment":"scroll","background-type":"","background-media":"","overlay-type":"","overlay-color":"","overlay-opacity":"","overlay-gradient":""},"mobile":{"background-color":"var(--ast-global-color-5)","background-image":"","background-repeat":"repeat","background-position":"center center","background-size":"auto","background-attachment":"scroll","background-type":"","background-media":"","overlay-type":"","overlay-color":"","overlay-opacity":"","overlay-gradient":""}},"footnotes":""},"class_list":["post-5016","page","type-page","status-publish","hentry"],"_links":{"self":[{"href":"https:\/\/di31.gobelins-pedago.fr\/2027\/natrella\/portfolio\/wp-json\/wp\/v2\/pages\/5016","targetHints":{"allow":["GET"]}}],"collection":[{"href":"https:\/\/di31.gobelins-pedago.fr\/2027\/natrella\/portfolio\/wp-json\/wp\/v2\/pages"}],"about":[{"href":"https:\/\/di31.gobelins-pedago.fr\/2027\/natrella\/portfolio\/wp-json\/wp\/v2\/types\/page"}],"author":[{"embeddable":true,"href":"https:\/\/di31.gobelins-pedago.fr\/2027\/natrella\/portfolio\/wp-json\/wp\/v2\/users\/1"}],"replies":[{"embeddable":true,"href":"https:\/\/di31.gobelins-pedago.fr\/2027\/natrella\/portfolio\/wp-json\/wp\/v2\/comments?post=5016"}],"version-history":[{"count":34,"href":"https:\/\/di31.gobelins-pedago.fr\/2027\/natrella\/portfolio\/wp-json\/wp\/v2\/pages\/5016\/revisions"}],"predecessor-version":[{"id":5163,"href":"https:\/\/di31.gobelins-pedago.fr\/2027\/natrella\/portfolio\/wp-json\/wp\/v2\/pages\/5016\/revisions\/5163"}],"wp:attachment":[{"href":"https:\/\/di31.gobelins-pedago.fr\/2027\/natrella\/portfolio\/wp-json\/wp\/v2\/media?parent=5016"}],"curies":[{"name":"wp","href":"https:\/\/api.w.org\/{rel}","templated":true}]}}